{"id":7045,"date":"2019-03-15T13:16:27","date_gmt":"2019-03-15T13:16:27","guid":{"rendered":"https:\/\/gardener.it\/privacy-policy\/"},"modified":"2019-03-15T13:16:27","modified_gmt":"2019-03-15T13:16:27","slug":"privacy-policy","status":"publish","type":"page","link":"https:\/\/gardener.it\/en\/privacy-policy\/","title":{"rendered":"Privacy Policy"},"content":{"rendered":"<header>\n<h1 class=\"title\">Privacy Policy<\/h1>\n<\/header>\n<div class=\"content clearfix\">\n<div>\n<p><strong>Informativa resa ai sensi del DLGS del 30.06.2003 &#8220;CODICE DELLA PRIVACY&#8221;<\/strong><\/p>\n<p>Ai sensi dell&#8217;art. 13, DLGS 30 giugno 2003 nr. 196, INFORMIAMO che la nostra societ\u00e0 Gardener SNC tratta dati personali di clienti e fornitori e di soggetti che comunicano volontariamente (telefonicamente o via fax o via e-mail) i loro dati anagrafici al nostro ufficio commerciale o alla nostra direzione aziendale e di soggetti i cui dati sono stati raccolti presso terzi in occasione, ad esempio, di operazione di acquisizione di dati esterni per informazioni commerciali, elenchi pubblici ecc., nell&#8217;ultimo caso trattasi esclusivamente di dati personali di natura comune.<\/p>\n<p>La nostra societ\u00e1 garantisce nell&#8217;ambito delle previsioni normative che il trattamento dei dati personali si svolge nel rispetto dei diritti delle libert\u00e1 fondamentali, nonch\u00e9 della dignit\u00e1 dell&#8217;interessato, con particolare riferimento alla riservatezza, all&#8217;identit\u00e1 personale e al diritto alla protezione dei dati personali.<\/p>\n<p><strong>Finalit\u00e0 del trattamento<\/strong><\/p>\n<\/div>\n<ul>\n<li>Adempiere agli obblighi di legge, dai regolamenti, dalla normativa comunitaria, da norme civilistiche e fiscali<\/li>\n<li>Adempiere agli eventuali obblighi contrattuali nei confronti del interessato<\/li>\n<li>Adempiere ad attivit\u00e1 connesse all&#8217;attivit\u00e1 economica della nostra societ\u00e1, come compilazione delle anagrafiche e statistiche interne, per la fatturazione, la tenuta della contabilit\u00e1 clienti-fornitori<\/li>\n<li>Finalit\u00e1 di tipo commerciale, come invio di informazioni commerciali e materiale pubblicitario (via posta, fax ed e-mail), di marketing e ricerche di mercato<\/li>\n<li>La tutela dei crediti e la gestione dei debiti<\/li>\n<li>Finalit\u00e1 assicurative, in particolare per assicurazioni crediti<\/li>\n<\/ul>\n<div><strong>In relazione alle finalit\u00e1 di cui sopra i Suoi dati personali verranno comunicati se necessario.<\/strong><\/div>\n<ul>\n<li>Alle Pubbliche Amministrazioni ed Autorit\u00e0, ove previsto dalla legge<\/li>\n<li>Ad Istituti di credito con i quali la ns. ditta ha rapporti per la gestione dei crediti\/debiti e l&#8217;intermediazione finanziaria<\/li>\n<li>A tutte quelle persone fisiche e\/o giuridiche, pubbliche e\/o private (studi di consulenza legale, amministrativa e fiscale, uffici giudiziari, Camere di Commercio ecc.), quando la comunicazione risulti necessaria o funzionale allo svolgimento della nostra attivit\u00e1 e nei modi e per le finalit\u00e1 sopra elencate<\/li>\n<\/ul>\n<div><strong>I dati personali trattati dalla nostra societ\u00e1 non sono soggetti a diffusione.<\/strong> Il trattamento potr\u00e0 effettuarsi con o senza l&#8217;ausilio di mezzi elettronici e comunque automatizzati e comprender\u00e0 tutte le operazioni previste all&#8217;art. 4 comma 1, lettera a, DLGS 30 giugno 2003 nr. 196 e necessarie al trattamento in questione. Comunque il trattamento sar\u00e1 effettuato nell&#8217;osservanza di ogni misura cautelativa, che ne garantisca la sicurezza e la riservatezza.Il Codice della Privacy conferisce agli interessati l&#8217;esercizio di specifici diritti di cui all&#8217;art. 7. In particolare pu\u00f3 ottenere dal titolare la conferma dell&#8217;esistenza o meno di propri dati personali che lo riguardano e la loro comunicazione in forma intelligibile. L&#8217;interessato pu\u00f3 altres\u00ed chiedere di conoscere l&#8217;origine dei dati, le finalit\u00e1 e modalit\u00e1 del trattamento nonch\u00e9 la logica applicato in caso trattamento effettuato con l&#8217;ausilio di strumenti elettronici, l&#8217;identificazione degli estremi identificativi del titolare , dei responsabili nominati e dei soggetti e categorie di soggetti ai quali i dati possono essere comunicati o che possono venire a conoscenza.<\/p>\n<p>L&#8217;interessato ha il diritto di ottenere l&#8217;aggiornamento, la rettificazione, l&#8217;integrazione, la cancellazione, la trasformazione in via anonima o il blocco dei dati trattati in violazione di legge. L&#8217;interessato ha diritto di opporsi, in tutto o in parte, per motivi legittimi al trattamento dei dati personali che lo riguardano, ancorch\u00e9 pertinenti allo scopo della raccolta, e senza motivo al trattamento che lo riguarda a fini di invio di materiale pubblicitario e di vendita diretta o per il compimento di ricerche di mercato o di comunicazione commerciale. I diritti in oggetto possono essere esercitati, anche per il tramite di un incaricato, mediante richiesta rivolta al responsabile nominato sig.a\/sig. Elena Gardener, via Bronzetti 34 | 38033 Cavalese (TN), con lettera raccomandata o e-mail all&#8217;indirizzo: <a href=\"mailto:info@gardener.it\">info@gardener.it<\/a><\/p>\n<p>Il titolare del trattamento in oggetto \u00e8:<br \/>\n<strong>Gardener SNC, con sede in via Bronzetti 34 | 38033 Cavalese (TN), in persona del legale rappresentante sig.a\/sig. Elena Gardener.<\/strong><\/p>\n<\/div>\n<\/div>\n","protected":false},"excerpt":{"rendered":"<p>Privacy Policy Informativa resa ai sensi del DLGS del 30.06.2003 &#8220;CODICE DELLA PRIVACY&#8221; Ai sensi dell&#8217;art. 13, DLGS 30 giugno 2003 nr. 196, INFORMIAMO che&#8230;<\/p>\n","protected":false},"author":4,"featured_media":0,"parent":0,"menu_order":0,"comment_status":"closed","ping_status":"closed","template":"","meta":{"footnotes":""},"class_list":["post-7045","page","type-page","status-publish"],"_links":{"self":[{"href":"https:\/\/gardener.it\/en\/wp-json\/wp\/v2\/pages\/7045","targetHints":{"allow":["GET"]}}],"collection":[{"href":"https:\/\/gardener.it\/en\/wp-json\/wp\/v2\/pages"}],"about":[{"href":"https:\/\/gardener.it\/en\/wp-json\/wp\/v2\/types\/page"}],"author":[{"embeddable":true,"href":"https:\/\/gardener.it\/en\/wp-json\/wp\/v2\/users\/4"}],"replies":[{"embeddable":true,"href":"https:\/\/gardener.it\/en\/wp-json\/wp\/v2\/comments?post=7045"}],"version-history":[{"count":0,"href":"https:\/\/gardener.it\/en\/wp-json\/wp\/v2\/pages\/7045\/revisions"}],"wp:attachment":[{"href":"https:\/\/gardener.it\/en\/wp-json\/wp\/v2\/media?parent=7045"}],"curies":[{"name":"wp","href":"https:\/\/api.w.org\/{rel}","templated":true}]}}